{"id":12984,"date":"2023-10-25T15:14:36","date_gmt":"2023-10-25T15:14:36","guid":{"rendered":"https:\/\/leanfactor.net\/politica-de-privacidade\/"},"modified":"2023-10-25T15:14:36","modified_gmt":"2023-10-25T15:14:36","slug":"politica-de-privacidade","status":"publish","type":"page","link":"https:\/\/leanfactor.net\/pt-br\/politica-de-privacidade\/","title":{"rendered":"Pol\u00edtica de privacidade"},"content":{"rendered":"\t\t<div data-elementor-type=\"wp-post\" data-elementor-id=\"12984\" class=\"elementor elementor-12984 elementor-12953 elementor-bc-flex-widget\" data-elementor-post-type=\"page\">\n\t\t\t\t\t\t<section class=\"elementor-section elementor-top-section elementor-element elementor-element-fadc728 elementor-section-boxed elementor-section-height-default elementor-section-height-default\" data-id=\"fadc728\" data-element_type=\"section\" data-e-type=\"section\">\n\t\t\t\t\t\t<div class=\"elementor-container elementor-column-gap-default\">\n\t\t\t\t\t<div class=\"elementor-column elementor-col-100 elementor-top-column elementor-element elementor-element-b9d5666\" data-id=\"b9d5666\" data-element_type=\"column\" data-e-type=\"column\">\n\t\t\t<div class=\"elementor-widget-wrap elementor-element-populated\">\n\t\t\t\t\t\t<div class=\"elementor-element elementor-element-eee2675 elementor-widget elementor-widget-text-editor\" data-id=\"eee2675\" data-element_type=\"widget\" data-e-type=\"widget\" data-widget_type=\"text-editor.default\">\n\t\t\t\t<div class=\"elementor-widget-container\">\n\t\t\t\t\t\t\t\t\t<p><strong>Pol\u00edtica de Privacidade<\/strong><\/p>\n<p>A LeanFactor informa os utilizadores do s\u00edtio Web sobre a sua pol\u00edtica relativa ao tratamento e \u00e0 prote\u00e7\u00e3o dos dados pessoais dos utilizadores e clientes que possam ser recolhidos atrav\u00e9s da navega\u00e7\u00e3o ou da contrata\u00e7\u00e3o de servi\u00e7os atrav\u00e9s do seu s\u00edtio Web. Neste sentido, LeanFactor garante o cumprimento da legisla\u00e7\u00e3o vigente em mat\u00e9ria de prote\u00e7\u00e3o de dados de car\u00e1cter pessoal, reflectida na Lei Org\u00e2nica 15\/1999, de 13 de dezembro, de Prote\u00e7\u00e3o de Dados de Car\u00e1cter Pessoal e no Real Decreto 1720\/2007, de 21 de dezembro, pelo qual se aprova o Regulamento de Desenvolvimento da LOPD. A utiliza\u00e7\u00e3o deste s\u00edtio web implica a aceita\u00e7\u00e3o da presente pol\u00edtica de privacidade.<\/p>\n<p><strong>Recolha, finalidade e tratamento de dados<\/strong><\/p>\n<p>A LeanFactor tem o dever de informar os utilizadores do seu site sobre a recolha de dados pessoais que poder\u00e1 ser efectuada, quer atrav\u00e9s do envio de e-mails, quer atrav\u00e9s do preenchimento dos formul\u00e1rios inclu\u00eddos no site. Neste sentido, a LeanFactor ser\u00e1 considerada como respons\u00e1vel pelos dados recolhidos pelos meios acima descritos. Paralelamente, a LeanFactor informa os utilizadores que a finalidade do tratamento dos dados recolhidos inclui: A aten\u00e7\u00e3o dos pedidos efetuados pelos utilizadores, a inclus\u00e3o na agenda de contactos, a presta\u00e7\u00e3o de servi\u00e7os, a gest\u00e3o da rela\u00e7\u00e3o comercial e outras finalidades informativas. S\u00e3o consideradas como tratamento de dados pessoais as opera\u00e7\u00f5es, a gest\u00e3o e os procedimentos t\u00e9cnicos efectuados de forma automatizada ou n\u00e3o automatizada que permitam a recolha, a conserva\u00e7\u00e3o, a modifica\u00e7\u00e3o, a transfer\u00eancia e outras ac\u00e7\u00f5es sobre os dados pessoais. Todos os dados pessoais recolhidos atrav\u00e9s do site da LeanFactor e, portanto, considerados como tratamento de dados pessoais, ser\u00e3o inclu\u00eddos nos ficheiros declarados \u00e0 Ag\u00eancia Espanhola de Prote\u00e7\u00e3o de Dados pela LeanFactor.<\/p>\n<p><strong>Comunica\u00e7\u00e3o de informa\u00e7\u00f5es a terceiros<\/strong><\/p>\n<p>A LeanFactor informa os utilizadores que os seus dados pessoais n\u00e3o ser\u00e3o comunicados a entidades terceiras, exceto quando essa comunica\u00e7\u00e3o estiver abrangida por uma obriga\u00e7\u00e3o legal ou quando a presta\u00e7\u00e3o de um servi\u00e7o implicar a necessidade de uma rela\u00e7\u00e3o contratual com um subcontratante. Neste \u00faltimo caso, a ced\u00eancia de dados a terceiros s\u00f3 ter\u00e1 lugar quando a LeanFactor tiver o consentimento expresso do utilizador.<\/p>\n<p><strong>Direitos dos utilizadores<\/strong><\/p>\n<p>A Lei Org\u00e2nica 15\/1999, de 13 de dezembro, sobre a Prote\u00e7\u00e3o de Dados de Car\u00e1cter Pessoal, concede aos interessados a possibilidade de exercerem uma s\u00e9rie de direitos relacionados com o tratamento dos seus dados pessoais. Na medida em que os dados do utilizador s\u00e3o tratados pela LeanFactor. Os utilizadores podem exercer os seus direitos de acesso, retifica\u00e7\u00e3o, cancelamento e oposi\u00e7\u00e3o, em conformidade com as disposi\u00e7\u00f5es da legisla\u00e7\u00e3o em vigor em mat\u00e9ria de prote\u00e7\u00e3o de dados pessoais. Para fazer uso do exerc\u00edcio destes direitos, o utilizador deve enviar uma comunica\u00e7\u00e3o escrita, fornecendo documenta\u00e7\u00e3o comprovativa da sua identidade (bilhete de identidade ou passaporte), para o seguinte endere\u00e7o LeanFactor, C\/Alfonso XII, 62, 2\u00ba andar. 28014, Madrid ou para o endere\u00e7o que for substitu\u00eddo no Registo Geral de Prote\u00e7\u00e3o de Dados. Esta comunica\u00e7\u00e3o deve incluir a seguinte informa\u00e7\u00e3o: Nome e apelido do utilizador, o pedido, o endere\u00e7o e os dados comprovativos. O exerc\u00edcio dos direitos deve ser efectuado pelo pr\u00f3prio utilizador. No entanto, pode ser efectuado por uma pessoa autorizada na qualidade de representante legal da pessoa autorizada. Neste caso, deve ser fornecida documenta\u00e7\u00e3o que comprove a representa\u00e7\u00e3o do interessado.<\/p>\n\t\t\t\t\t\t\t\t<\/div>\n\t\t\t\t<\/div>\n\t\t\t\t\t<\/div>\n\t\t<\/div>\n\t\t\t\t\t<\/div>\n\t\t<\/section>\n\t\t\t\t<\/div>\n\t\t","protected":false},"excerpt":{"rendered":"<p>Pol\u00edtica de Privacidade A LeanFactor informa os utilizadores do s\u00edtio Web sobre a sua pol\u00edtica relativa ao tratamento e \u00e0 [&hellip;]<\/p>\n","protected":false},"author":4,"featured_media":0,"parent":0,"menu_order":0,"comment_status":"closed","ping_status":"closed","template":"","meta":{"site-sidebar-layout":"default","site-content-layout":"","ast-site-content-layout":"default","site-content-style":"default","site-sidebar-style":"default","ast-global-header-display":"","ast-banner-title-visibility":"","ast-main-header-display":"","ast-hfb-above-header-display":"","ast-hfb-below-header-display":"","ast-hfb-mobile-header-display":"","site-post-title":"","ast-breadcrumbs-content":"","ast-featured-img":"","footer-sml-layout":"","ast-disable-related-posts":"","theme-transparent-header-meta":"","adv-header-id-meta":"","stick-header-meta":"","header-above-stick-meta":"","header-main-stick-meta":"","header-below-stick-meta":"","astra-migrate-meta-layouts":"default","ast-page-background-enabled":"default","ast-page-background-meta":{"desktop":{"background-color":"var(--ast-global-color-5)","background-image":"","background-repeat":"repeat","background-position":"center center","background-size":"auto","background-attachment":"scroll","background-type":"","background-media":"","overlay-type":"","overlay-color":"","overlay-opacity":"","overlay-gradient":""},"tablet":{"background-color":"","background-image":"","background-repeat":"repeat","background-position":"center center","background-size":"auto","background-attachment":"scroll","background-type":"","background-media":"","overlay-type":"","overlay-color":"","overlay-opacity":"","overlay-gradient":""},"mobile":{"background-color":"","background-image":"","background-repeat":"repeat","background-position":"center center","background-size":"auto","background-attachment":"scroll","background-type":"","background-media":"","overlay-type":"","overlay-color":"","overlay-opacity":"","overlay-gradient":""}},"ast-content-background-meta":{"desktop":{"background-color":"var(--ast-global-color-4)","background-image":"","background-repeat":"repeat","background-position":"center center","background-size":"auto","background-attachment":"scroll","background-type":"","background-media":"","overlay-type":"","overlay-color":"","overlay-opacity":"","overlay-gradient":""},"tablet":{"background-color":"var(--ast-global-color-4)","background-image":"","background-repeat":"repeat","background-position":"center center","background-size":"auto","background-attachment":"scroll","background-type":"","background-media":"","overlay-type":"","overlay-color":"","overlay-opacity":"","overlay-gradient":""},"mobile":{"background-color":"var(--ast-global-color-4)","background-image":"","background-repeat":"repeat","background-position":"center center","background-size":"auto","background-attachment":"scroll","background-type":"","background-media":"","overlay-type":"","overlay-color":"","overlay-opacity":"","overlay-gradient":""}},"footnotes":""},"class_list":["post-12984","page","type-page","status-publish","hentry"],"_links":{"self":[{"href":"https:\/\/leanfactor.net\/pt-br\/wp-json\/wp\/v2\/pages\/12984","targetHints":{"allow":["GET"]}}],"collection":[{"href":"https:\/\/leanfactor.net\/pt-br\/wp-json\/wp\/v2\/pages"}],"about":[{"href":"https:\/\/leanfactor.net\/pt-br\/wp-json\/wp\/v2\/types\/page"}],"author":[{"embeddable":true,"href":"https:\/\/leanfactor.net\/pt-br\/wp-json\/wp\/v2\/users\/4"}],"replies":[{"embeddable":true,"href":"https:\/\/leanfactor.net\/pt-br\/wp-json\/wp\/v2\/comments?post=12984"}],"version-history":[{"count":1,"href":"https:\/\/leanfactor.net\/pt-br\/wp-json\/wp\/v2\/pages\/12984\/revisions"}],"predecessor-version":[{"id":12985,"href":"https:\/\/leanfactor.net\/pt-br\/wp-json\/wp\/v2\/pages\/12984\/revisions\/12985"}],"wp:attachment":[{"href":"https:\/\/leanfactor.net\/pt-br\/wp-json\/wp\/v2\/media?parent=12984"}],"curies":[{"name":"wp","href":"https:\/\/api.w.org\/{rel}","templated":true}]}}